{"id":17251,"date":"2018-06-20T00:45:29","date_gmt":"2019-03-10T15:44:16","guid":{"rendered":"https:\/\/hofman.be\/?post_type=product&#038;p=17251"},"modified":"2019-03-13T13:00:22","modified_gmt":"2019-03-13T13:00:22","slug":"gres-belge","status":"publish","type":"product","link":"https:\/\/www.hofman.be\/fr\/produit\/gres-belge\/","title":{"rendered":"Gr\u00e8s belge"},"content":{"rendered":"","protected":false},"excerpt":{"rendered":"<p>Autrefois exploit\u00e9 dans la r\u00e9gion de Li\u00e8ge, ce gr\u00e8s dur typique \u00e9tait souvent utilis\u00e9 dans les centres de Gand et de Bruxelles. Ce pav\u00e9 a une structure solide et est g\u00e9n\u00e9ralement tr\u00e8s plat. Les couleurs diff\u00e8rent d&rsquo;un lot \u00e0 l&rsquo;autre et varient du beige-cr\u00e8me au brun en passant par le gris fonc\u00e9.<\/p>\n","protected":false},"featured_media":17344,"comment_status":"closed","ping_status":"closed","template":"","meta":[],"product_brand":[],"product_cat":[90],"product_tag":[],"class_list":{"0":"post-17251","1":"product","2":"type-product","3":"status-publish","4":"has-post-thumbnail","6":"product_cat-kasseien-fr","8":"first","9":"instock","10":"shipping-taxable","11":"product-type-simple"},"_links":{"self":[{"href":"https:\/\/www.hofman.be\/fr\/wp-json\/wp\/v2\/product\/17251","targetHints":{"allow":["GET"]}}],"collection":[{"href":"https:\/\/www.hofman.be\/fr\/wp-json\/wp\/v2\/product"}],"about":[{"href":"https:\/\/www.hofman.be\/fr\/wp-json\/wp\/v2\/types\/product"}],"replies":[{"embeddable":true,"href":"https:\/\/www.hofman.be\/fr\/wp-json\/wp\/v2\/comments?post=17251"}],"wp:featuredmedia":[{"embeddable":true,"href":"https:\/\/www.hofman.be\/fr\/wp-json\/"}],"wp:attachment":[{"href":"https:\/\/www.hofman.be\/fr\/wp-json\/wp\/v2\/media?parent=17251"}],"wp:term":[{"taxonomy":"product_brand","embeddable":true,"href":"https:\/\/www.hofman.be\/fr\/wp-json\/wp\/v2\/product_brand?post=17251"},{"taxonomy":"product_cat","embeddable":true,"href":"https:\/\/www.hofman.be\/fr\/wp-json\/wp\/v2\/product_cat?post=17251"},{"taxonomy":"product_tag","embeddable":true,"href":"https:\/\/www.hofman.be\/fr\/wp-json\/wp\/v2\/product_tag?post=17251"}],"curies":[{"name":"wp","href":"https:\/\/api.w.org\/{rel}","templated":true}]}}